{"id":94,"date":"2025-11-03T21:52:09","date_gmt":"2025-11-03T21:52:09","guid":{"rendered":"https:\/\/thehumancompassguide.com\/home\/"},"modified":"2026-01-12T18:45:58","modified_gmt":"2026-01-12T18:45:58","slug":"home","status":"publish","type":"page","link":"https:\/\/thehumancompassguide.com\/ro\/","title":{"rendered":"Home"},"content":{"rendered":"<h2>BINE AI VENIT<\/h2>\n<p>Fiecare c\u0103l\u0103torie \u00eencepe din interior.<\/p>\n<p>Curioas\u0103 din fire, curajoas\u0103 prin alegere \u0219i mereu ghidat\u0103 de inim\u0103.\nSunt o exploratoare cultural\u0103, povestitoare \u0219i iubitoare de via\u021b\u0103, care crede c\u0103 fiecare c\u0103l\u0103torie \u2014 aproape sau departe \u2014 poart\u0103 o lec\u021bie demn\u0103 de tr\u0103it \u0219i \u00eemp\u0103rt\u0103\u0219it.\nPrin profesie, lucrez \u00een mediul corporatist; prin pasiune, \u00eei ghidez pe al\u021bii \u0219i urmez busola fascina\u021biei.<\/p>\n<p data-start=\"1603\" data-end=\"1908\">C\u0103l\u0103toresc ca s\u0103 ascult \u2014 ritmul culturilor, \u0219oaptele istoriei \u0219i curajul t\u0103cut al oamenilor care modeleaz\u0103 lumea prin inimile lor.<br data-start=\"1748\" data-end=\"1751\" \/>Prin <em data-start=\"1759\" data-end=\"1784\">The Human Compass Guide<\/em>, urmez liniile nev\u0103zute care ne unesc \u2014 prin pove\u0219ti, emo\u021bii \u0219i acea curiozitate atemporal\u0103 care ne \u00eempinge spre descoperire permanent\u0103.<\/p>\n<p data-start=\"1910\" data-end=\"2016\">Merg prin lume cu ochii \u0219i inima deschise, purtat\u0103 de dorin\u021ba infinit\u0103 de a descoperi ce \u00eenseamn\u0103 cu adev\u0103rat s\u0103 tr\u0103ie\u0219ti.<\/p>\n<p>\t\t\t\t\t\t\t\t<a role=\"button\"><br \/>\n\t\t\t\t\t\t\t\t\tCite\u0219te mai mult<br \/>\n\t\t\t\t\t<\/a><br \/>\n\t\t\t\t\t\t\t\t\t\t\t\t\t\t\t\t\t\t\t<img fetchpriority=\"high\" decoding=\"async\" width=\"1536\" height=\"2048\" src=\"https:\/\/thehumancompassguide.com\/wp-content\/uploads\/2025\/11\/574304120_25012702815005386_1890821946107567865_n.jpg\" alt=\"\" srcset=\"https:\/\/thehumancompassguide.com\/wp-content\/uploads\/2025\/11\/574304120_25012702815005386_1890821946107567865_n.jpg 1536w, https:\/\/thehumancompassguide.com\/wp-content\/uploads\/2025\/11\/574304120_25012702815005386_1890821946107567865_n-225x300.jpg 225w, https:\/\/thehumancompassguide.com\/wp-content\/uploads\/2025\/11\/574304120_25012702815005386_1890821946107567865_n-768x1024.jpg 768w, https:\/\/thehumancompassguide.com\/wp-content\/uploads\/2025\/11\/574304120_25012702815005386_1890821946107567865_n-1152x1536.jpg 1152w\" sizes=\"(max-width: 1536px) 100vw, 1536px\" \/>\t\t\t\t\t\t\t\t\t\t\t\t\t\t\t\t<\/p>\n<h1>Ultimele tururi<\/h1>\n<h1>Alte servicii<\/h1>\n<h3>\n\t\t\t\t\t\tConcierge\t\t\t\t\t<\/h3>\n<p>\t\t\t\t\t\t\t\t\t\t\t\t<a role=\"button\"><br \/>\n\t\t\t\t\t\t\t\t\tToate serviciile<br \/>\n\t\t\t\t\t<\/a><\/p>\n<h2>\n\t\t\t\t\t\tF\u0103-\u021bi vizita memorabil\u0103 \t\t\t\t\t<\/h2>\n<p>\t\t\t\t\t<a><br \/>\n\t\t\t\t\t\tContact\t\t\t\t\t<\/a><\/p>","protected":false},"excerpt":{"rendered":"<p>welcome Every journey begins within. Curious by nature, brave by choice, and always guided by heart. I\u2019m a cultural explorer, storyteller, and life enthusiast who believes every journey \u2014 near or far \u2014 holds a lesson worth living and sharing. By profession, corporate worker; by passion, I guide others and I follow the compass of [&hellip;]<\/p>","protected":false},"author":1,"featured_media":104,"parent":0,"menu_order":0,"comment_status":"closed","ping_status":"closed","template":"elementor_header_footer","meta":{"ocean_post_layout":"","ocean_both_sidebars_style":"","ocean_both_sidebars_content_width":0,"ocean_both_sidebars_sidebars_width":0,"ocean_sidebar":"","ocean_second_sidebar":"","ocean_disable_margins":"enable","ocean_add_body_class":"","ocean_shortcode_before_top_bar":"","ocean_shortcode_after_top_bar":"","ocean_shortcode_before_header":"","ocean_shortcode_after_header":"","ocean_has_shortcode":"","ocean_shortcode_after_title":"","ocean_shortcode_before_footer_widgets":"","ocean_shortcode_after_footer_widgets":"","ocean_shortcode_before_footer_bottom":"","ocean_shortcode_after_footer_bottom":"","ocean_display_top_bar":"default","ocean_display_header":"default","ocean_header_style":"","ocean_center_header_left_menu":"","ocean_custom_header_template":"","ocean_custom_logo":0,"ocean_custom_retina_logo":0,"ocean_custom_logo_max_width":0,"ocean_custom_logo_tablet_max_width":0,"ocean_custom_logo_mobile_max_width":0,"ocean_custom_logo_max_height":0,"ocean_custom_logo_tablet_max_height":0,"ocean_custom_logo_mobile_max_height":0,"ocean_header_custom_menu":"","ocean_menu_typo_font_family":"","ocean_menu_typo_font_subset":"","ocean_menu_typo_font_size":0,"ocean_menu_typo_font_size_tablet":0,"ocean_menu_typo_font_size_mobile":0,"ocean_menu_typo_font_size_unit":"px","ocean_menu_typo_font_weight":"","ocean_menu_typo_font_weight_tablet":"","ocean_menu_typo_font_weight_mobile":"","ocean_menu_typo_transform":"","ocean_menu_typo_transform_tablet":"","ocean_menu_typo_transform_mobile":"","ocean_menu_typo_line_height":0,"ocean_menu_typo_line_height_tablet":0,"ocean_menu_typo_line_height_mobile":0,"ocean_menu_typo_line_height_unit":"","ocean_menu_typo_spacing":0,"ocean_menu_typo_spacing_tablet":0,"ocean_menu_typo_spacing_mobile":0,"ocean_menu_typo_spacing_unit":"","ocean_menu_link_color":"","ocean_menu_link_color_hover":"","ocean_menu_link_color_active":"","ocean_menu_link_background":"","ocean_menu_link_hover_background":"","ocean_menu_link_active_background":"","ocean_menu_social_links_bg":"","ocean_menu_social_hover_links_bg":"","ocean_menu_social_links_color":"","ocean_menu_social_hover_links_color":"","ocean_disable_title":"default","ocean_disable_heading":"default","ocean_post_title":"","ocean_post_subheading":"","ocean_post_title_style":"","ocean_post_title_background_color":"","ocean_post_title_background":0,"ocean_post_title_bg_image_position":"","ocean_post_title_bg_image_attachment":"","ocean_post_title_bg_image_repeat":"","ocean_post_title_bg_image_size":"","ocean_post_title_height":0,"ocean_post_title_bg_overlay":0.5,"ocean_post_title_bg_overlay_color":"","ocean_disable_breadcrumbs":"default","ocean_breadcrumbs_color":"","ocean_breadcrumbs_separator_color":"","ocean_breadcrumbs_links_color":"","ocean_breadcrumbs_links_hover_color":"","ocean_display_footer_widgets":"default","ocean_display_footer_bottom":"default","ocean_custom_footer_template":"","footnotes":""},"class_list":["post-94","page","type-page","status-publish","has-post-thumbnail","hentry","entry","has-media"],"_hostinger_reach_plugin_has_subscription_block":false,"_hostinger_reach_plugin_is_elementor":false,"_links":{"self":[{"href":"https:\/\/thehumancompassguide.com\/ro\/wp-json\/wp\/v2\/pages\/94","targetHints":{"allow":["GET"]}}],"collection":[{"href":"https:\/\/thehumancompassguide.com\/ro\/wp-json\/wp\/v2\/pages"}],"about":[{"href":"https:\/\/thehumancompassguide.com\/ro\/wp-json\/wp\/v2\/types\/page"}],"author":[{"embeddable":true,"href":"https:\/\/thehumancompassguide.com\/ro\/wp-json\/wp\/v2\/users\/1"}],"replies":[{"embeddable":true,"href":"https:\/\/thehumancompassguide.com\/ro\/wp-json\/wp\/v2\/comments?post=94"}],"version-history":[{"count":31,"href":"https:\/\/thehumancompassguide.com\/ro\/wp-json\/wp\/v2\/pages\/94\/revisions"}],"predecessor-version":[{"id":237,"href":"https:\/\/thehumancompassguide.com\/ro\/wp-json\/wp\/v2\/pages\/94\/revisions\/237"}],"wp:featuredmedia":[{"embeddable":true,"href":"https:\/\/thehumancompassguide.com\/ro\/wp-json\/wp\/v2\/media\/104"}],"wp:attachment":[{"href":"https:\/\/thehumancompassguide.com\/ro\/wp-json\/wp\/v2\/media?parent=94"}],"curies":[{"name":"wp","href":"https:\/\/api.w.org\/{rel}","templated":true}]}}