{"id":77,"date":"2025-11-03T21:52:04","date_gmt":"2025-11-03T21:52:04","guid":{"rendered":"https:\/\/thehumancompassguide.com\/about\/"},"modified":"2025-11-06T05:58:02","modified_gmt":"2025-11-06T05:58:02","slug":"about","status":"publish","type":"page","link":"https:\/\/thehumancompassguide.com\/ro\/about\/","title":{"rendered":"Despre"},"content":{"rendered":"<div data-elementor-type=\"wp-page\" data-elementor-id=\"77\" class=\"elementor elementor-77\" data-elementor-post-type=\"page\">\n\t\t\t\t<div class=\"elementor-element elementor-element-7211af7a e-flex e-con-boxed e-con e-parent\" data-id=\"7211af7a\" data-element_type=\"container\">\n\t\t\t\t\t<div class=\"e-con-inner\">\n\t\t\t\t<div class=\"elementor-element elementor-element-2b210c1b elementor-widget elementor-widget-heading\" data-id=\"2b210c1b\" data-element_type=\"widget\" data-widget_type=\"heading.default\">\n\t\t\t\t\t<h1 class=\"elementor-heading-title elementor-size-default\">\/\/ Ceva \u00een plus despre mine<\/h1>\t\t\t\t<\/div>\n\t\t\t\t\t<\/div>\n\t\t\t\t<\/div>\n\t\t<div class=\"elementor-element elementor-element-4e41896e e-flex e-con-boxed e-con e-parent\" data-id=\"4e41896e\" data-element_type=\"container\">\n\t\t\t\t\t<div class=\"e-con-inner\">\n\t\t\t\t<div class=\"elementor-element elementor-element-482debb4 elementor-cta--layout-image-left elementor-cta--mobile-layout-image-above elementor-cta--tablet-layout-image-above elementor-cta--skin-classic elementor-animated-content elementor-bg-transform elementor-bg-transform-zoom-in elementor-widget elementor-widget-call-to-action\" data-id=\"482debb4\" data-element_type=\"widget\" data-widget_type=\"call-to-action.default\">\n\t\t\t\t\t\t\t<div class=\"elementor-cta\">\n\t\t\t\t\t<div class=\"elementor-cta__bg-wrapper\">\n\t\t\t\t<div class=\"elementor-cta__bg elementor-bg\" style=\"background-image: url(https:\/\/thehumancompassguide.com\/wp-content\/uploads\/2025\/11\/521693271_24123774253898251_3283083603506253110_n.jpg);\" role=\"img\" aria-label=\"521693271_24123774253898251_3283083603506253110_n\"><\/div>\n\t\t\t\t<div class=\"elementor-cta__bg-overlay\"><\/div>\n\t\t\t<\/div>\n\t\t\t\t\t\t\t<div class=\"elementor-cta__content\">\n\t\t\t\t\n\t\t\t\t\t\t\t\t\t<h2 class=\"elementor-cta__title elementor-cta__content-item elementor-content-item\">\n\t\t\t\t\t\tIrina \u2013 The Human Compass Guide\t\t\t\t\t<\/h2>\n\t\t\t\t\n\t\t\t\t\t\t\t\t\t<div class=\"elementor-cta__description elementor-cta__content-item elementor-content-item\">\n\t\t\t\t\t\tDe\u0219i drumul meu profesional a \u00eenceput departe de lumea c\u0103l\u0103toriilor, inima mea a \u021bintit mereu spre descoperire.\nSunt bancher prin formare, dar c\u0103l\u0103toare prin suflet \u2014 o exploratoare curioas\u0103 care g\u0103se\u0219te sens \u00een culturi, oameni \u0219i \u00een pove\u0219tile care ne leag\u0103 pe to\u021bi.\n\nPentru mine, a c\u0103l\u0103tori nu \u00eenseamn\u0103 doar s\u0103 bifezi locuri pe o list\u0103.\n\u00censeamn\u0103 s\u0103 sim\u021bi pulsul vie\u021bii \u00een fiecare \u00eent\u00e2lnire \u2014 de la o cafenea lini\u0219tit\u0103 de col\u021b p\u00e2n\u0103 la un templu str\u0103vechi, de la z\u00e2mbetul unui str\u0103in p\u00e2n\u0103 la r\u0103s\u0103ritul peste mun\u021bi.\n\nCred c\u0103 at\u00e2t curajul c\u00e2t \u0219i curiozitatea sunt adev\u0103ratele pa\u0219apoarte ale sufletului.\nPrin acest spa\u021biu, te invit s\u0103 explorezi nu doar destina\u021bii, ci perspective \u2014 s\u0103 descoperi frumuse\u021bea din a fi om, oriunde ne poart\u0103 drumul.\n\n\u2726 Ghidat\u0103 de \u00een\u021belepciune, unit\u0103 prin inim\u0103.\u2726\t\t\t\t\t<\/div>\n\t\t\t\t\n\t\t\t\t\t\t\t<\/div>\n\t\t\t\t\t\t<\/div>\n\t\t\t\t\t\t<\/div>\n\t\t\t\t<div class=\"elementor-element elementor-element-11616fd1 elementor-cta--layout-image-left elementor-cta--mobile-layout-image-above elementor-cta--tablet-layout-image-above elementor-cta--skin-classic elementor-animated-content elementor-bg-transform elementor-bg-transform-zoom-in elementor-widget elementor-widget-call-to-action\" data-id=\"11616fd1\" data-element_type=\"widget\" data-widget_type=\"call-to-action.default\">\n\t\t\t\t\t\t\t<div class=\"elementor-cta\">\n\t\t\t\t\t<div class=\"elementor-cta__bg-wrapper\">\n\t\t\t\t<div class=\"elementor-cta__bg elementor-bg\" style=\"background-image: url(https:\/\/thehumancompassguide.com\/wp-content\/uploads\/2025\/11\/565743314_24882166744725661_8369814335237237342_n.jpg);\" role=\"img\" aria-label=\"565743314_24882166744725661_8369814335237237342_n\"><\/div>\n\t\t\t\t<div class=\"elementor-cta__bg-overlay\"><\/div>\n\t\t\t<\/div>\n\t\t\t\t\t\t\t<div class=\"elementor-cta__content\">\n\t\t\t\t\n\t\t\t\t\t\t\t\t\t<h2 class=\"elementor-cta__title elementor-cta__content-item elementor-content-item\">\n\t\t\t\t\t\tAst\u0103zi\t\t\t\t\t<\/h2>\n\t\t\t\t\n\t\t\t\t\n\t\t\t\t\t\t\t<\/div>\n\t\t\t\t\t\t<\/div>\n\t\t\t\t\t\t<\/div>\n\t\t\t\t<div class=\"elementor-element elementor-element-10e1acf1 elementor-cta--layout-image-right elementor-cta--mobile-layout-image-above elementor-cta--tablet-layout-image-above elementor-cta--skin-classic elementor-animated-content elementor-bg-transform elementor-bg-transform-zoom-in elementor-widget elementor-widget-call-to-action\" data-id=\"10e1acf1\" data-element_type=\"widget\" data-widget_type=\"call-to-action.default\">\n\t\t\t\t\t\t\t<div class=\"elementor-cta\">\n\t\t\t\t\t<div class=\"elementor-cta__bg-wrapper\">\n\t\t\t\t<div class=\"elementor-cta__bg elementor-bg\" style=\"background-image: url(https:\/\/thehumancompassguide.com\/wp-content\/uploads\/2025\/11\/WhatsApp-Image-2025-11-06-at-07.23.01-1-e1762407009519.jpeg);\" role=\"img\" aria-label=\"WhatsApp Image 2025-11-06 at 07.23.01\"><\/div>\n\t\t\t\t<div class=\"elementor-cta__bg-overlay\"><\/div>\n\t\t\t<\/div>\n\t\t\t\t\t\t\t<div class=\"elementor-cta__content\">\n\t\t\t\t\n\t\t\t\t\t\t\t\t\t<h2 class=\"elementor-cta__title elementor-cta__content-item elementor-content-item\">\n\t\t\t\t\t\tEu \u00een 2oo5\t\t\t\t\t<\/h2>\n\t\t\t\t\n\t\t\t\t\t\t\t\t\t<div class=\"elementor-cta__description elementor-cta__content-item elementor-content-item\">\n\t\t\t\t\t\t2005 \u2014 Fat\u0103 cu pantofi de banc\u0103, inim\u0103 de c\u0103l\u0103tor \u0219i un bilet spre destin \n\u00cen 2005 eram t\u00e2nar\u0103, lucram \u00een primul meu job la banc\u0103, \u00eentr-un birou unde totul era despre cifre, conformitate, disciplin\u0103 \u0219i responsabilitate. C\u0103l\u0103toriile? Erau un univers paralel, unul pe care \u00eel admiram de departe, f\u0103r\u0103 s\u0103 \u00eendr\u0103znesc s\u0103 \u00eel revendic. Nu visam s\u0103 str\u0103bat lumea \u2014 visam s\u0103 \u00eemi fac treaba bine, s\u0103 \u00eenv\u0103\u021b, s\u0103 fiu serioas\u0103, s\u0103 cresc.\n\u0218i poate tocmai asta, f\u0103r\u0103 s\u0103 \u0219tiu, mi-a deschis prima poart\u0103.\nPentru implicarea mea, am c\u00e2\u0219tigat o excursie de 5 stele la Barcelona.\nC\u00e2nd am aflat\u2026 am pl\u00e2ns. Dar nu de bucurie, ci de team\u0103.\nNu aveam pa\u0219aport. Nu aveam bani s\u0103 \u00eel scot \u00een regim de urgen\u021b\u0103.\nMi se p\u0103rea c\u0103 destinul \u00eemi face o surpriz\u0103 frumoas\u0103, dar imposibil\u0103. Totu\u0219i, ceva \u00een mine nu a renun\u021bat. Am g\u0103sit o cale, am gr\u0103bit totul, am \u00eemprumutat curaj de unde nu \u0219tiam c\u0103 am \u0219i\u2026 m-am urcat \u00een avion.\nBarcelona a fost mai mult dec\u00e2t o c\u0103l\u0103torie.\nA fost o trezire.\nAcolo, f\u0103r\u0103 hart\u0103, f\u0103r\u0103 team\u0103, am f\u0103cut instinctiv ceea ce avea s\u0103 \u00eemi defineasc\u0103 drumul mai t\u00e2rziu:\n\u2726 Am ghidat primul meu grup de turi\u0219ti \u2014 colegii mei, care nu vorbeau spaniola.\n\u2726 M-am orientat cu transportul \u00een comun ca \u0219i cum ora\u0219ul \u00eemi \u0219optea \u00eencotro s\u0103 merg.\n\u2726 Mi-am folosit cuno\u0219tin\u021bele de limba spaniol\u0103 \u00een conversa\u021bii, bilete, direc\u021bii, z\u00e2mbete, mici pove\u0219ti schimbate cu localnicii.\n\u2726 Am descoperit bucuria de a conduce, de a ar\u0103ta, de a povesti, de a conecta oameni cu locuri.\nNu \u0219tiam atunci c\u0103 \u201eghidaj\u201d e un cuv\u00e2nt care avea s\u0103 m\u0103 descrie.\nNu \u0219tiam c\u0103 descoperisem o identitate, nu doar un ora\u0219.\nDar \u0219tiu ce am sim\u021bit:\n\u2728 \u00cencredere \u2014 c\u0103 m\u0103 descurc\n\u2728 Curiozitate \u2014 s\u0103 v\u0103d mai mult\n\u2728 Uimire \u2014 c\u00e2t se schimb\u0103 lumea c\u00e2nd \u00ee\u021bi permi\u021bi s\u0103 o tr\u0103ie\u0219ti\n\u2728 \u0218i recuno\u0219tin\u021b\u0103 \u2014 pentru tot ce primi\u021bi atunci c\u00e2nd ave\u021bi curaj s\u0103 spune\u021bi \u201cda\u201d\nC\u0103l\u0103toria aceea nu m-a \u00eenv\u0103\u021bat doar despre Barcelona.\nM-a \u00eenv\u0103\u021bat despre mine.\nMi-a ar\u0103tat c\u0103:\nlumea devine mai mare c\u00e2nd \u00eei faci loc \u00een tine,\niar tu devii mai mare c\u00e2nd \u00eei faci loc \u00een lume.\nPoate eram o fat\u0103 la \u00eenceput de drum, cu emo\u021bii, rate, program fix \u0219i griji practice.\nDar dincolo de ecou tastaturii \u0219i de agende, \u00een mine dormea o busol\u0103.\n\u0218i atunci, \u00een 2005, la Barcelona,\nacel ac s-a mi\u0219cat pentru prima dat\u0103.\n________________________________________\n\u2726 Ghidat\u0103 de \u00een\u021belepciune. Conectat\u0103 prin inim\u0103. \u2726\n\t\t\t\t\t<\/div>\n\t\t\t\t\n\t\t\t\t\t\t\t<\/div>\n\t\t\t\t\t\t<\/div>\n\t\t\t\t\t\t<\/div>\n\t\t\t\t\t<\/div>\n\t\t\t\t<\/div>\n\t\t<div class=\"elementor-element elementor-element-72d496c2 e-flex e-con-boxed e-con e-parent\" data-id=\"72d496c2\" data-element_type=\"container\">\n\t\t\t\t\t<div class=\"e-con-inner\">\n\t\t<div class=\"elementor-element elementor-element-303d7752 e-flex e-con-boxed e-con e-child\" data-id=\"303d7752\" data-element_type=\"container\">\n\t\t\t\t\t<div class=\"e-con-inner\">\n\t\t\t\t<div class=\"elementor-element elementor-element-31e532e6 elementor-widget elementor-widget-heading\" data-id=\"31e532e6\" data-element_type=\"widget\" data-widget_type=\"heading.default\">\n\t\t\t\t\t<h1 class=\"elementor-heading-title elementor-size-default\">Am vizitat lumea<\/h1>\t\t\t\t<\/div>\n\t\t\t\t\t<\/div>\n\t\t\t\t<\/div>\n\t\t\t\t<div class=\"elementor-element elementor-element-7ca56140 elementor-arrows-position-outside elementor-pagination-position-outside elementor-widget elementor-widget-image-carousel\" data-id=\"7ca56140\" data-element_type=\"widget\" data-settings=\"{&quot;slides_to_show&quot;:&quot;4&quot;,&quot;slides_to_scroll&quot;:&quot;1&quot;,&quot;lazyload&quot;:&quot;yes&quot;,&quot;autoplay_speed&quot;:4000,&quot;navigation&quot;:&quot;both&quot;,&quot;autoplay&quot;:&quot;yes&quot;,&quot;pause_on_hover&quot;:&quot;yes&quot;,&quot;pause_on_interaction&quot;:&quot;yes&quot;,&quot;infinite&quot;:&quot;yes&quot;,&quot;speed&quot;:500,&quot;image_spacing_custom&quot;:{&quot;unit&quot;:&quot;px&quot;,&quot;size&quot;:20,&quot;sizes&quot;:[]},&quot;image_spacing_custom_tablet&quot;:{&quot;unit&quot;:&quot;px&quot;,&quot;size&quot;:&quot;&quot;,&quot;sizes&quot;:[]},&quot;image_spacing_custom_mobile&quot;:{&quot;unit&quot;:&quot;px&quot;,&quot;size&quot;:&quot;&quot;,&quot;sizes&quot;:[]}}\" data-widget_type=\"image-carousel.default\">\n\t\t\t\t\t\t\t<div class=\"elementor-image-carousel-wrapper swiper\" role=\"region\" aria-roledescription=\"carousel\" aria-label=\"Image Carousel\" dir=\"ltr\">\n\t\t\t<div class=\"elementor-image-carousel swiper-wrapper\" aria-live=\"off\">\n\t\t\t\t\t\t\t\t<div class=\"swiper-slide\" role=\"group\" aria-roledescription=\"slide\" aria-label=\"1 din 6\"><figure class=\"swiper-slide-inner\"><img class=\"swiper-slide-image swiper-lazy\" data-src=\"https:\/\/thehumancompassguide.com\/wp-content\/uploads\/2025\/11\/AboutPage-Gallery_01.jpg\" alt=\"AboutPage-Gallery_01.jpg\" \/><div class=\"swiper-lazy-preloader\"><\/div><\/figure><\/div><div class=\"swiper-slide\" role=\"group\" aria-roledescription=\"slide\" aria-label=\"2 din 6\"><figure class=\"swiper-slide-inner\"><img class=\"swiper-slide-image swiper-lazy\" data-src=\"https:\/\/thehumancompassguide.com\/wp-content\/uploads\/2025\/11\/AboutPage-Gallery_02.jpg\" alt=\"AboutPage-Gallery_02.jpg\" \/><div class=\"swiper-lazy-preloader\"><\/div><\/figure><\/div><div class=\"swiper-slide\" role=\"group\" aria-roledescription=\"slide\" aria-label=\"3 din 6\"><figure class=\"swiper-slide-inner\"><img class=\"swiper-slide-image swiper-lazy\" data-src=\"https:\/\/thehumancompassguide.com\/wp-content\/uploads\/2025\/11\/AboutPage-Gallery_04.jpg\" alt=\"AboutPage-Gallery_04.jpg\" \/><div class=\"swiper-lazy-preloader\"><\/div><\/figure><\/div><div class=\"swiper-slide\" role=\"group\" aria-roledescription=\"slide\" aria-label=\"4 din 6\"><figure class=\"swiper-slide-inner\"><img class=\"swiper-slide-image swiper-lazy\" data-src=\"https:\/\/thehumancompassguide.com\/wp-content\/uploads\/2025\/11\/AboutPage-Gallery_05.jpg\" alt=\"AboutPage-Gallery_05.jpg\" \/><div class=\"swiper-lazy-preloader\"><\/div><\/figure><\/div><div class=\"swiper-slide\" role=\"group\" aria-roledescription=\"slide\" aria-label=\"5 din 6\"><figure class=\"swiper-slide-inner\"><img class=\"swiper-slide-image swiper-lazy\" data-src=\"https:\/\/thehumancompassguide.com\/wp-content\/uploads\/2025\/11\/AboutPage-Gallery_06.jpg\" alt=\"AboutPage-Gallery_06.jpg\" \/><div class=\"swiper-lazy-preloader\"><\/div><\/figure><\/div><div class=\"swiper-slide\" role=\"group\" aria-roledescription=\"slide\" aria-label=\"6 din 6\"><figure class=\"swiper-slide-inner\"><img class=\"swiper-slide-image swiper-lazy\" data-src=\"https:\/\/thehumancompassguide.com\/wp-content\/uploads\/2025\/11\/AboutPage-Gallery_03.jpg\" alt=\"AboutPage-Gallery_03.jpg\" \/><div class=\"swiper-lazy-preloader\"><\/div><\/figure><\/div>\t\t\t<\/div>\n\t\t\t\t\t\t\t\t\t\t\t\t<div class=\"elementor-swiper-button elementor-swiper-button-prev\" role=\"button\" tabindex=\"0\">\n\t\t\t\t\t\t<svg aria-hidden=\"true\" class=\"e-font-icon-svg e-eicon-chevron-left\" viewbox=\"0 0 1000 1000\" xmlns=\"http:\/\/www.w3.org\/2000\/svg\"><path d=\"M646 125C629 125 613 133 604 142L308 442C296 454 292 471 292 487 292 504 296 521 308 533L604 854C617 867 629 875 646 875 663 875 679 871 692 858 704 846 713 829 713 812 713 796 708 779 692 767L438 487 692 225C700 217 708 204 708 187 708 171 704 154 692 142 675 129 663 125 646 125Z\"><\/path><\/svg>\t\t\t\t\t<\/div>\n\t\t\t\t\t<div class=\"elementor-swiper-button elementor-swiper-button-next\" role=\"button\" tabindex=\"0\">\n\t\t\t\t\t\t<svg aria-hidden=\"true\" class=\"e-font-icon-svg e-eicon-chevron-right\" viewbox=\"0 0 1000 1000\" xmlns=\"http:\/\/www.w3.org\/2000\/svg\"><path d=\"M696 533C708 521 713 504 713 487 713 471 708 454 696 446L400 146C388 133 375 125 354 125 338 125 325 129 313 142 300 154 292 171 292 187 292 204 296 221 308 233L563 492 304 771C292 783 288 800 288 817 288 833 296 850 308 863 321 871 338 875 354 875 371 875 388 867 400 854L696 533Z\"><\/path><\/svg>\t\t\t\t\t<\/div>\n\t\t\t\t\n\t\t\t\t\t\t\t\t\t<div class=\"swiper-pagination\"><\/div>\n\t\t\t\t\t\t\t\t\t<\/div>\n\t\t\t\t\t\t<\/div>\n\t\t\t\t\t<\/div>\n\t\t\t\t<\/div>\n\t\t<div class=\"elementor-element elementor-element-3e548c9d e-flex e-con-boxed e-con e-parent\" data-id=\"3e548c9d\" data-element_type=\"container\">\n\t\t\t\t\t<div class=\"e-con-inner\">\n\t\t\t\t<div class=\"elementor-element elementor-element-390befce elementor-cta--layout-image-left elementor-cta--mobile-layout-image-above elementor-cta--skin-classic elementor-animated-content elementor-widget elementor-widget-call-to-action\" data-id=\"390befce\" data-element_type=\"widget\" data-widget_type=\"call-to-action.default\">\n\t\t\t\t\t\t\t<div class=\"elementor-cta\">\n\t\t\t\t\t<div class=\"elementor-cta__bg-wrapper\">\n\t\t\t\t<div class=\"elementor-cta__bg elementor-bg\" style=\"background-image: url(https:\/\/thehumancompassguide.com\/wp-content\/uploads\/2025\/11\/514252441_23928899663385712_682791096633979494_n-1.jpg);\" role=\"img\" aria-label=\"514252441_23928899663385712_682791096633979494_n\"><\/div>\n\t\t\t\t<div class=\"elementor-cta__bg-overlay\"><\/div>\n\t\t\t<\/div>\n\t\t\t\t\t\t\t<div class=\"elementor-cta__content\">\n\t\t\t\t\n\t\t\t\t\t\t\t\t\t<h2 class=\"elementor-cta__title elementor-cta__content-item elementor-content-item\">\n\t\t\t\t\t\tF\u0103-\u021bi vizita memorabil\u0103 \t\t\t\t\t<\/h2>\n\t\t\t\t\n\t\t\t\t\t\t\t\t\t<div class=\"elementor-cta__description elementor-cta__content-item elementor-content-item\">\n\t\t\t\t\t\tFericit\u0103 s\u0103 r\u0103spund la \u00eentreb\u0103rile voastre\t\t\t\t\t<\/div>\n\t\t\t\t\n\t\t\t\t\t\t\t\t\t<div class=\"elementor-cta__button-wrapper elementor-cta__content-item elementor-content-item\">\n\t\t\t\t\t<a class=\"elementor-cta__button elementor-button elementor-size-md\">\n\t\t\t\t\t\tContact\t\t\t\t\t<\/a>\n\t\t\t\t\t<\/div>\n\t\t\t\t\t\t\t<\/div>\n\t\t\t\t\t\t<\/div>\n\t\t\t\t\t\t<\/div>\n\t\t\t\t\t<\/div>\n\t\t\t\t<\/div>\n\t\t<div class=\"elementor-element elementor-element-0751c39 e-flex e-con-boxed e-con e-parent\" data-id=\"0751c39\" data-element_type=\"container\">\n\t\t\t\t\t<div class=\"e-con-inner\">\n\t\t\t\t<div class=\"elementor-element elementor-element-53ff459 elementor-widget elementor-widget-image\" data-id=\"53ff459\" data-element_type=\"widget\" data-widget_type=\"image.default\">\n\t\t\t\t\t\t\t\t\t\t\t\t\t\t\t<img decoding=\"async\" src=\"https:\/\/thehumancompassguide.com\/wp-content\/plugins\/elementor\/assets\/images\/placeholder.png\" title=\"\" alt=\"\" loading=\"lazy\" \/>\t\t\t\t\t\t\t\t\t\t\t\t\t\t\t<\/div>\n\t\t\t\t\t<\/div>\n\t\t\t\t<\/div>\n\t\t\t\t<\/div>","protected":false},"excerpt":{"rendered":"<p>\/\/ A Bit About Me Irina \u2013 The Human Compass Guide Although my professional path began far from the travel world, my heart has always pointed toward discovery. I\u2019m a banker by trade and a wanderer by soul \u2014 a curious traveler who finds meaning in culture, people, and the stories that connect us all. [&hellip;]<\/p>","protected":false},"author":1,"featured_media":89,"parent":0,"menu_order":0,"comment_status":"closed","ping_status":"closed","template":"elementor_header_footer","meta":{"ocean_post_layout":"","ocean_both_sidebars_style":"","ocean_both_sidebars_content_width":0,"ocean_both_sidebars_sidebars_width":0,"ocean_sidebar":"","ocean_second_sidebar":"","ocean_disable_margins":"enable","ocean_add_body_class":"","ocean_shortcode_before_top_bar":"","ocean_shortcode_after_top_bar":"","ocean_shortcode_before_header":"","ocean_shortcode_after_header":"","ocean_has_shortcode":"","ocean_shortcode_after_title":"","ocean_shortcode_before_footer_widgets":"","ocean_shortcode_after_footer_widgets":"","ocean_shortcode_before_footer_bottom":"","ocean_shortcode_after_footer_bottom":"","ocean_display_top_bar":"default","ocean_display_header":"default","ocean_header_style":"","ocean_center_header_left_menu":"","ocean_custom_header_template":"","ocean_custom_logo":0,"ocean_custom_retina_logo":0,"ocean_custom_logo_max_width":0,"ocean_custom_logo_tablet_max_width":0,"ocean_custom_logo_mobile_max_width":0,"ocean_custom_logo_max_height":0,"ocean_custom_logo_tablet_max_height":0,"ocean_custom_logo_mobile_max_height":0,"ocean_header_custom_menu":"","ocean_menu_typo_font_family":"","ocean_menu_typo_font_subset":"","ocean_menu_typo_font_size":0,"ocean_menu_typo_font_size_tablet":0,"ocean_menu_typo_font_size_mobile":0,"ocean_menu_typo_font_size_unit":"px","ocean_menu_typo_font_weight":"","ocean_menu_typo_font_weight_tablet":"","ocean_menu_typo_font_weight_mobile":"","ocean_menu_typo_transform":"","ocean_menu_typo_transform_tablet":"","ocean_menu_typo_transform_mobile":"","ocean_menu_typo_line_height":0,"ocean_menu_typo_line_height_tablet":0,"ocean_menu_typo_line_height_mobile":0,"ocean_menu_typo_line_height_unit":"","ocean_menu_typo_spacing":0,"ocean_menu_typo_spacing_tablet":0,"ocean_menu_typo_spacing_mobile":0,"ocean_menu_typo_spacing_unit":"","ocean_menu_link_color":"","ocean_menu_link_color_hover":"","ocean_menu_link_color_active":"","ocean_menu_link_background":"","ocean_menu_link_hover_background":"","ocean_menu_link_active_background":"","ocean_menu_social_links_bg":"","ocean_menu_social_hover_links_bg":"","ocean_menu_social_links_color":"","ocean_menu_social_hover_links_color":"","ocean_disable_title":"default","ocean_disable_heading":"default","ocean_post_title":"","ocean_post_subheading":"","ocean_post_title_style":"","ocean_post_title_background_color":"","ocean_post_title_background":0,"ocean_post_title_bg_image_position":"","ocean_post_title_bg_image_attachment":"","ocean_post_title_bg_image_repeat":"","ocean_post_title_bg_image_size":"","ocean_post_title_height":0,"ocean_post_title_bg_overlay":0.5,"ocean_post_title_bg_overlay_color":"","ocean_disable_breadcrumbs":"default","ocean_breadcrumbs_color":"","ocean_breadcrumbs_separator_color":"","ocean_breadcrumbs_links_color":"","ocean_breadcrumbs_links_hover_color":"","ocean_display_footer_widgets":"default","ocean_display_footer_bottom":"default","ocean_custom_footer_template":"","footnotes":""},"class_list":["post-77","page","type-page","status-publish","has-post-thumbnail","hentry","entry","has-media"],"_hostinger_reach_plugin_has_subscription_block":false,"_hostinger_reach_plugin_is_elementor":false,"_links":{"self":[{"href":"https:\/\/thehumancompassguide.com\/ro\/wp-json\/wp\/v2\/pages\/77","targetHints":{"allow":["GET"]}}],"collection":[{"href":"https:\/\/thehumancompassguide.com\/ro\/wp-json\/wp\/v2\/pages"}],"about":[{"href":"https:\/\/thehumancompassguide.com\/ro\/wp-json\/wp\/v2\/types\/page"}],"author":[{"embeddable":true,"href":"https:\/\/thehumancompassguide.com\/ro\/wp-json\/wp\/v2\/users\/1"}],"replies":[{"embeddable":true,"href":"https:\/\/thehumancompassguide.com\/ro\/wp-json\/wp\/v2\/comments?post=77"}],"version-history":[{"count":55,"href":"https:\/\/thehumancompassguide.com\/ro\/wp-json\/wp\/v2\/pages\/77\/revisions"}],"predecessor-version":[{"id":220,"href":"https:\/\/thehumancompassguide.com\/ro\/wp-json\/wp\/v2\/pages\/77\/revisions\/220"}],"wp:featuredmedia":[{"embeddable":true,"href":"https:\/\/thehumancompassguide.com\/ro\/wp-json\/wp\/v2\/media\/89"}],"wp:attachment":[{"href":"https:\/\/thehumancompassguide.com\/ro\/wp-json\/wp\/v2\/media?parent=77"}],"curies":[{"name":"wp","href":"https:\/\/api.w.org\/{rel}","templated":true}]}}